{"id":129,"date":"2015-04-10T13:21:14","date_gmt":"2015-04-10T11:21:14","guid":{"rendered":"https:\/\/keilaak.ee\/?page_id=129"},"modified":"2026-02-27T11:14:42","modified_gmt":"2026-02-27T09:14:42","slug":"%d0%ba%d0%be%d0%bd%d1%82%d0%b0%d0%ba%d1%82","status":"publish","type":"page","link":"https:\/\/keilaak.ee\/ru\/%d0%ba%d0%be%d0%bd%d1%82%d0%b0%d0%ba%d1%82\/","title":{"rendered":"\u041a\u043e\u043d\u0442\u0430\u043a\u0442"},"content":{"rendered":"\n<p><strong>T\u00f6\u00f6de vastuv\u00f5tt<\/strong><\/p>\n\n\n\n<p>\u041c\u043e\u0431\u0438\u043b\u044c: 5551 0036<br>Email: &#x69;&#110;&#102;o&#x40;&#x6b;&#101;i&#x6c;&#x61;&#97;k&#x2e;&#x65;&#101;<\/p>\n","protected":false},"excerpt":{"rendered":"<p>T\u00f6\u00f6de vastuv\u00f5tt \u041c\u043e\u0431\u0438\u043b\u044c: 5551 0036Email: i&#110;&#x66;&#x6f;&#x40;k&#101;&#x69;&#x6c;&#x61;a&#107;&#x2e;&#x65;&#x65;<\/p>\n","protected":false},"author":1,"featured_media":0,"parent":0,"menu_order":0,"comment_status":"open","ping_status":"open","template":"page-kontakt.php","meta":{"footnotes":""},"class_list":["post-129","page","type-page","status-publish","hentry"],"yoast_head":"<!-- This site is optimized with the Yoast SEO plugin v27.4 - https:\/\/yoast.com\/product\/yoast-seo-wordpress\/ -->\n<title>\u041a\u043e\u043d\u0442\u0430\u043a\u0442 - Keila Autokeskus<\/title>\n<meta name=\"robots\" content=\"index, follow, max-snippet:-1, max-image-preview:large, max-video-preview:-1\" \/>\n<link rel=\"canonical\" href=\"https:\/\/keilaak.ee\/ru\/%d0%ba%d0%be%d0%bd%d1%82%d0%b0%d0%ba%d1%82\/\" \/>\n<meta property=\"og:locale\" content=\"ru_RU\" \/>\n<meta property=\"og:type\" content=\"article\" \/>\n<meta property=\"og:title\" content=\"\u041a\u043e\u043d\u0442\u0430\u043a\u0442 - Keila Autokeskus\" \/>\n<meta property=\"og:description\" content=\"T\u00f6\u00f6de vastuv\u00f5tt \u041c\u043e\u0431\u0438\u043b\u044c: 5551 0036Email: &#x69;&#x6e;&#x66;&#x6f;&#x40;&#x6b;&#x65;&#x69;&#x6c;&#x61;&#x61;&#x6b;&#x2e;&#x65;&#101;\" \/>\n<meta property=\"og:url\" content=\"https:\/\/keilaak.ee\/ru\/%d0%ba%d0%be%d0%bd%d1%82%d0%b0%d0%ba%d1%82\/\" \/>\n<meta property=\"og:site_name\" content=\"Keila Autokeskus\" \/>\n<meta property=\"article:modified_time\" content=\"2026-02-27T09:14:42+00:00\" \/>\n<meta name=\"twitter:label1\" content=\"\u041f\u0440\u0438\u043c\u0435\u0440\u043d\u043e\u0435 \u0432\u0440\u0435\u043c\u044f \u0434\u043b\u044f \u0447\u0442\u0435\u043d\u0438\u044f\" \/>\n\t<meta name=\"twitter:data1\" content=\"1 \u043c\u0438\u043d\u0443\u0442\u0430\" \/>\n<script type=\"application\/ld+json\" class=\"yoast-schema-graph\">{\"@context\":\"https:\\\/\\\/schema.org\",\"@graph\":[{\"@type\":\"WebPage\",\"@id\":\"https:\\\/\\\/keilaak.ee\\\/ru\\\/%d0%ba%d0%be%d0%bd%d1%82%d0%b0%d0%ba%d1%82\\\/\",\"url\":\"https:\\\/\\\/keilaak.ee\\\/ru\\\/%d0%ba%d0%be%d0%bd%d1%82%d0%b0%d0%ba%d1%82\\\/\",\"name\":\"\u041a\u043e\u043d\u0442\u0430\u043a\u0442 - Keila Autokeskus\",\"isPartOf\":{\"@id\":\"https:\\\/\\\/keilaak.ee\\\/ru\\\/#website\"},\"datePublished\":\"2015-04-10T11:21:14+00:00\",\"dateModified\":\"2026-02-27T09:14:42+00:00\",\"breadcrumb\":{\"@id\":\"https:\\\/\\\/keilaak.ee\\\/ru\\\/%d0%ba%d0%be%d0%bd%d1%82%d0%b0%d0%ba%d1%82\\\/#breadcrumb\"},\"inLanguage\":\"ru-RU\",\"potentialAction\":[{\"@type\":\"ReadAction\",\"target\":[\"https:\\\/\\\/keilaak.ee\\\/ru\\\/%d0%ba%d0%be%d0%bd%d1%82%d0%b0%d0%ba%d1%82\\\/\"]}]},{\"@type\":\"BreadcrumbList\",\"@id\":\"https:\\\/\\\/keilaak.ee\\\/ru\\\/%d0%ba%d0%be%d0%bd%d1%82%d0%b0%d0%ba%d1%82\\\/#breadcrumb\",\"itemListElement\":[{\"@type\":\"ListItem\",\"position\":1,\"name\":\"Avaleht\",\"item\":\"https:\\\/\\\/keilaak.ee\\\/ru\\\/\"},{\"@type\":\"ListItem\",\"position\":2,\"name\":\"\u041a\u043e\u043d\u0442\u0430\u043a\u0442\"}]},{\"@type\":\"WebSite\",\"@id\":\"https:\\\/\\\/keilaak.ee\\\/ru\\\/#website\",\"url\":\"https:\\\/\\\/keilaak.ee\\\/ru\\\/\",\"name\":\"Keila Autokeskus\",\"description\":\"S\u00f5idu- tarbe- veoautode ja busside hooldus ning remont\",\"publisher\":{\"@id\":\"https:\\\/\\\/keilaak.ee\\\/ru\\\/#organization\"},\"potentialAction\":[{\"@type\":\"SearchAction\",\"target\":{\"@type\":\"EntryPoint\",\"urlTemplate\":\"https:\\\/\\\/keilaak.ee\\\/ru\\\/?s={search_term_string}\"},\"query-input\":{\"@type\":\"PropertyValueSpecification\",\"valueRequired\":true,\"valueName\":\"search_term_string\"}}],\"inLanguage\":\"ru-RU\"},{\"@type\":\"Organization\",\"@id\":\"https:\\\/\\\/keilaak.ee\\\/ru\\\/#organization\",\"name\":\"Keila Autokeskus\",\"url\":\"https:\\\/\\\/keilaak.ee\\\/ru\\\/\",\"logo\":{\"@type\":\"ImageObject\",\"inLanguage\":\"ru-RU\",\"@id\":\"https:\\\/\\\/keilaak.ee\\\/ru\\\/#\\\/schema\\\/logo\\\/image\\\/\",\"url\":\"https:\\\/\\\/keilaak.ee\\\/wp-content\\\/uploads\\\/2015\\\/03\\\/keila-autokeskus-logo.png\",\"contentUrl\":\"https:\\\/\\\/keilaak.ee\\\/wp-content\\\/uploads\\\/2015\\\/03\\\/keila-autokeskus-logo.png\",\"width\":255,\"height\":100,\"caption\":\"Keila Autokeskus\"},\"image\":{\"@id\":\"https:\\\/\\\/keilaak.ee\\\/ru\\\/#\\\/schema\\\/logo\\\/image\\\/\"}}]}<\/script>\n<!-- \/ Yoast SEO plugin. -->","yoast_head_json":{"title":"\u041a\u043e\u043d\u0442\u0430\u043a\u0442 - Keila Autokeskus","robots":{"index":"index","follow":"follow","max-snippet":"max-snippet:-1","max-image-preview":"max-image-preview:large","max-video-preview":"max-video-preview:-1"},"canonical":"https:\/\/keilaak.ee\/ru\/%d0%ba%d0%be%d0%bd%d1%82%d0%b0%d0%ba%d1%82\/","og_locale":"ru_RU","og_type":"article","og_title":"\u041a\u043e\u043d\u0442\u0430\u043a\u0442 - Keila Autokeskus","og_description":"T\u00f6\u00f6de vastuv\u00f5tt \u041c\u043e\u0431\u0438\u043b\u044c: 5551 0036Email: &#x69;&#x6e;&#x66;&#x6f;&#x40;&#x6b;&#x65;&#x69;&#x6c;&#x61;&#x61;&#x6b;&#x2e;&#x65;&#x65;","og_url":"https:\/\/keilaak.ee\/ru\/%d0%ba%d0%be%d0%bd%d1%82%d0%b0%d0%ba%d1%82\/","og_site_name":"Keila Autokeskus","article_modified_time":"2026-02-27T09:14:42+00:00","twitter_misc":{"\u041f\u0440\u0438\u043c\u0435\u0440\u043d\u043e\u0435 \u0432\u0440\u0435\u043c\u044f \u0434\u043b\u044f \u0447\u0442\u0435\u043d\u0438\u044f":"1 \u043c\u0438\u043d\u0443\u0442\u0430"},"schema":{"@context":"https:\/\/schema.org","@graph":[{"@type":"WebPage","@id":"https:\/\/keilaak.ee\/ru\/%d0%ba%d0%be%d0%bd%d1%82%d0%b0%d0%ba%d1%82\/","url":"https:\/\/keilaak.ee\/ru\/%d0%ba%d0%be%d0%bd%d1%82%d0%b0%d0%ba%d1%82\/","name":"\u041a\u043e\u043d\u0442\u0430\u043a\u0442 - Keila Autokeskus","isPartOf":{"@id":"https:\/\/keilaak.ee\/ru\/#website"},"datePublished":"2015-04-10T11:21:14+00:00","dateModified":"2026-02-27T09:14:42+00:00","breadcrumb":{"@id":"https:\/\/keilaak.ee\/ru\/%d0%ba%d0%be%d0%bd%d1%82%d0%b0%d0%ba%d1%82\/#breadcrumb"},"inLanguage":"ru-RU","potentialAction":[{"@type":"ReadAction","target":["https:\/\/keilaak.ee\/ru\/%d0%ba%d0%be%d0%bd%d1%82%d0%b0%d0%ba%d1%82\/"]}]},{"@type":"BreadcrumbList","@id":"https:\/\/keilaak.ee\/ru\/%d0%ba%d0%be%d0%bd%d1%82%d0%b0%d0%ba%d1%82\/#breadcrumb","itemListElement":[{"@type":"ListItem","position":1,"name":"Avaleht","item":"https:\/\/keilaak.ee\/ru\/"},{"@type":"ListItem","position":2,"name":"\u041a\u043e\u043d\u0442\u0430\u043a\u0442"}]},{"@type":"WebSite","@id":"https:\/\/keilaak.ee\/ru\/#website","url":"https:\/\/keilaak.ee\/ru\/","name":"Keila Autokeskus","description":"S\u00f5idu- tarbe- veoautode ja busside hooldus ning remont","publisher":{"@id":"https:\/\/keilaak.ee\/ru\/#organization"},"potentialAction":[{"@type":"SearchAction","target":{"@type":"EntryPoint","urlTemplate":"https:\/\/keilaak.ee\/ru\/?s={search_term_string}"},"query-input":{"@type":"PropertyValueSpecification","valueRequired":true,"valueName":"search_term_string"}}],"inLanguage":"ru-RU"},{"@type":"Organization","@id":"https:\/\/keilaak.ee\/ru\/#organization","name":"Keila Autokeskus","url":"https:\/\/keilaak.ee\/ru\/","logo":{"@type":"ImageObject","inLanguage":"ru-RU","@id":"https:\/\/keilaak.ee\/ru\/#\/schema\/logo\/image\/","url":"https:\/\/keilaak.ee\/wp-content\/uploads\/2015\/03\/keila-autokeskus-logo.png","contentUrl":"https:\/\/keilaak.ee\/wp-content\/uploads\/2015\/03\/keila-autokeskus-logo.png","width":255,"height":100,"caption":"Keila Autokeskus"},"image":{"@id":"https:\/\/keilaak.ee\/ru\/#\/schema\/logo\/image\/"}}]}},"_links":{"self":[{"href":"https:\/\/keilaak.ee\/ru\/wp-json\/wp\/v2\/pages\/129","targetHints":{"allow":["GET"]}}],"collection":[{"href":"https:\/\/keilaak.ee\/ru\/wp-json\/wp\/v2\/pages"}],"about":[{"href":"https:\/\/keilaak.ee\/ru\/wp-json\/wp\/v2\/types\/page"}],"author":[{"embeddable":true,"href":"https:\/\/keilaak.ee\/ru\/wp-json\/wp\/v2\/users\/1"}],"replies":[{"embeddable":true,"href":"https:\/\/keilaak.ee\/ru\/wp-json\/wp\/v2\/comments?post=129"}],"version-history":[{"count":24,"href":"https:\/\/keilaak.ee\/ru\/wp-json\/wp\/v2\/pages\/129\/revisions"}],"predecessor-version":[{"id":2890,"href":"https:\/\/keilaak.ee\/ru\/wp-json\/wp\/v2\/pages\/129\/revisions\/2890"}],"wp:attachment":[{"href":"https:\/\/keilaak.ee\/ru\/wp-json\/wp\/v2\/media?parent=129"}],"curies":[{"name":"wp","href":"https:\/\/api.w.org\/{rel}","templated":true}]}}