{"id":154,"date":"2015-04-10T14:08:08","date_gmt":"2015-04-10T12:08:08","guid":{"rendered":"https:\/\/keilaak.ee\/?page_id=154"},"modified":"2026-02-27T11:14:07","modified_gmt":"2026-02-27T09:14:07","slug":"contact","status":"publish","type":"page","link":"https:\/\/keilaak.ee\/en\/contact\/","title":{"rendered":"Contact"},"content":{"rendered":"\n<p><strong>T\u00f6\u00f6de vastuv\u00f5tt<\/strong><\/p>\n\n\n\n<p>Mobile: 5551 0036<br>Email: i&#110;&#x66;&#x6f;&#x40;k&#101;&#105;&#x6c;&#x61;a&#107;&#46;&#x65;&#x65;<\/p>\n","protected":false},"excerpt":{"rendered":"<p>T\u00f6\u00f6de vastuv\u00f5tt Mobile: 5551 0036Email: in&#102;&#111;&#64;&#x6b;&#x65;&#x69;&#x6c;&#x61;ak&#46;&#101;&#101;<\/p>\n","protected":false},"author":1,"featured_media":0,"parent":0,"menu_order":0,"comment_status":"open","ping_status":"open","template":"page-kontakt.php","meta":{"footnotes":""},"class_list":["post-154","page","type-page","status-publish","hentry"],"yoast_head":"<!-- This site is optimized with the Yoast SEO plugin v27.4 - https:\/\/yoast.com\/product\/yoast-seo-wordpress\/ -->\n<title>Contact - Keila Autokeskus<\/title>\n<meta name=\"robots\" content=\"index, follow, max-snippet:-1, max-image-preview:large, max-video-preview:-1\" \/>\n<link rel=\"canonical\" href=\"https:\/\/keilaak.ee\/en\/contact\/\" \/>\n<meta property=\"og:locale\" content=\"en_US\" \/>\n<meta property=\"og:type\" content=\"article\" \/>\n<meta property=\"og:title\" content=\"Contact - Keila Autokeskus\" \/>\n<meta property=\"og:description\" content=\"T\u00f6\u00f6de vastuv\u00f5tt Mobile: 5551 0036Email: &#x69;&#x6e;&#102;&#111;&#064;k&#x65;&#x69;&#x6c;&#097;ak&#x2e;&#x65;&#x65;\" \/>\n<meta property=\"og:url\" content=\"https:\/\/keilaak.ee\/en\/contact\/\" \/>\n<meta property=\"og:site_name\" content=\"Keila Autokeskus\" \/>\n<meta property=\"article:modified_time\" content=\"2026-02-27T09:14:07+00:00\" \/>\n<meta name=\"twitter:label1\" content=\"Est. reading time\" \/>\n\t<meta name=\"twitter:data1\" content=\"1 minute\" \/>\n<script type=\"application\/ld+json\" class=\"yoast-schema-graph\">{\"@context\":\"https:\\\/\\\/schema.org\",\"@graph\":[{\"@type\":\"WebPage\",\"@id\":\"https:\\\/\\\/keilaak.ee\\\/en\\\/contact\\\/\",\"url\":\"https:\\\/\\\/keilaak.ee\\\/en\\\/contact\\\/\",\"name\":\"Contact - Keila Autokeskus\",\"isPartOf\":{\"@id\":\"https:\\\/\\\/keilaak.ee\\\/en\\\/#website\"},\"datePublished\":\"2015-04-10T12:08:08+00:00\",\"dateModified\":\"2026-02-27T09:14:07+00:00\",\"breadcrumb\":{\"@id\":\"https:\\\/\\\/keilaak.ee\\\/en\\\/contact\\\/#breadcrumb\"},\"inLanguage\":\"en-US\",\"potentialAction\":[{\"@type\":\"ReadAction\",\"target\":[\"https:\\\/\\\/keilaak.ee\\\/en\\\/contact\\\/\"]}]},{\"@type\":\"BreadcrumbList\",\"@id\":\"https:\\\/\\\/keilaak.ee\\\/en\\\/contact\\\/#breadcrumb\",\"itemListElement\":[{\"@type\":\"ListItem\",\"position\":1,\"name\":\"Avaleht\",\"item\":\"https:\\\/\\\/keilaak.ee\\\/en\\\/\"},{\"@type\":\"ListItem\",\"position\":2,\"name\":\"Contact\"}]},{\"@type\":\"WebSite\",\"@id\":\"https:\\\/\\\/keilaak.ee\\\/en\\\/#website\",\"url\":\"https:\\\/\\\/keilaak.ee\\\/en\\\/\",\"name\":\"Keila Autokeskus\",\"description\":\"S\u00f5idu- tarbe- veoautode ja busside hooldus ning remont\",\"publisher\":{\"@id\":\"https:\\\/\\\/keilaak.ee\\\/en\\\/#organization\"},\"potentialAction\":[{\"@type\":\"SearchAction\",\"target\":{\"@type\":\"EntryPoint\",\"urlTemplate\":\"https:\\\/\\\/keilaak.ee\\\/en\\\/?s={search_term_string}\"},\"query-input\":{\"@type\":\"PropertyValueSpecification\",\"valueRequired\":true,\"valueName\":\"search_term_string\"}}],\"inLanguage\":\"en-US\"},{\"@type\":\"Organization\",\"@id\":\"https:\\\/\\\/keilaak.ee\\\/en\\\/#organization\",\"name\":\"Keila Autokeskus\",\"url\":\"https:\\\/\\\/keilaak.ee\\\/en\\\/\",\"logo\":{\"@type\":\"ImageObject\",\"inLanguage\":\"en-US\",\"@id\":\"https:\\\/\\\/keilaak.ee\\\/en\\\/#\\\/schema\\\/logo\\\/image\\\/\",\"url\":\"https:\\\/\\\/keilaak.ee\\\/wp-content\\\/uploads\\\/2015\\\/03\\\/keila-autokeskus-logo.png\",\"contentUrl\":\"https:\\\/\\\/keilaak.ee\\\/wp-content\\\/uploads\\\/2015\\\/03\\\/keila-autokeskus-logo.png\",\"width\":255,\"height\":100,\"caption\":\"Keila Autokeskus\"},\"image\":{\"@id\":\"https:\\\/\\\/keilaak.ee\\\/en\\\/#\\\/schema\\\/logo\\\/image\\\/\"}}]}<\/script>\n<!-- \/ Yoast SEO plugin. -->","yoast_head_json":{"title":"Contact - Keila Autokeskus","robots":{"index":"index","follow":"follow","max-snippet":"max-snippet:-1","max-image-preview":"max-image-preview:large","max-video-preview":"max-video-preview:-1"},"canonical":"https:\/\/keilaak.ee\/en\/contact\/","og_locale":"en_US","og_type":"article","og_title":"Contact - Keila Autokeskus","og_description":"T\u00f6\u00f6de vastuv\u00f5tt Mobile: 5551 0036Email: &#x69;&#110;f&#x6f;&#64;k&#x65;&#x69;&#108;&#x61;&#x61;&#107;&#46;&#x65;&#101;","og_url":"https:\/\/keilaak.ee\/en\/contact\/","og_site_name":"Keila Autokeskus","article_modified_time":"2026-02-27T09:14:07+00:00","twitter_misc":{"Est. reading time":"1 minute"},"schema":{"@context":"https:\/\/schema.org","@graph":[{"@type":"WebPage","@id":"https:\/\/keilaak.ee\/en\/contact\/","url":"https:\/\/keilaak.ee\/en\/contact\/","name":"Contact - Keila Autokeskus","isPartOf":{"@id":"https:\/\/keilaak.ee\/en\/#website"},"datePublished":"2015-04-10T12:08:08+00:00","dateModified":"2026-02-27T09:14:07+00:00","breadcrumb":{"@id":"https:\/\/keilaak.ee\/en\/contact\/#breadcrumb"},"inLanguage":"en-US","potentialAction":[{"@type":"ReadAction","target":["https:\/\/keilaak.ee\/en\/contact\/"]}]},{"@type":"BreadcrumbList","@id":"https:\/\/keilaak.ee\/en\/contact\/#breadcrumb","itemListElement":[{"@type":"ListItem","position":1,"name":"Avaleht","item":"https:\/\/keilaak.ee\/en\/"},{"@type":"ListItem","position":2,"name":"Contact"}]},{"@type":"WebSite","@id":"https:\/\/keilaak.ee\/en\/#website","url":"https:\/\/keilaak.ee\/en\/","name":"Keila Autokeskus","description":"S\u00f5idu- tarbe- veoautode ja busside hooldus ning remont","publisher":{"@id":"https:\/\/keilaak.ee\/en\/#organization"},"potentialAction":[{"@type":"SearchAction","target":{"@type":"EntryPoint","urlTemplate":"https:\/\/keilaak.ee\/en\/?s={search_term_string}"},"query-input":{"@type":"PropertyValueSpecification","valueRequired":true,"valueName":"search_term_string"}}],"inLanguage":"en-US"},{"@type":"Organization","@id":"https:\/\/keilaak.ee\/en\/#organization","name":"Keila Autokeskus","url":"https:\/\/keilaak.ee\/en\/","logo":{"@type":"ImageObject","inLanguage":"en-US","@id":"https:\/\/keilaak.ee\/en\/#\/schema\/logo\/image\/","url":"https:\/\/keilaak.ee\/wp-content\/uploads\/2015\/03\/keila-autokeskus-logo.png","contentUrl":"https:\/\/keilaak.ee\/wp-content\/uploads\/2015\/03\/keila-autokeskus-logo.png","width":255,"height":100,"caption":"Keila Autokeskus"},"image":{"@id":"https:\/\/keilaak.ee\/en\/#\/schema\/logo\/image\/"}}]}},"_links":{"self":[{"href":"https:\/\/keilaak.ee\/en\/wp-json\/wp\/v2\/pages\/154","targetHints":{"allow":["GET"]}}],"collection":[{"href":"https:\/\/keilaak.ee\/en\/wp-json\/wp\/v2\/pages"}],"about":[{"href":"https:\/\/keilaak.ee\/en\/wp-json\/wp\/v2\/types\/page"}],"author":[{"embeddable":true,"href":"https:\/\/keilaak.ee\/en\/wp-json\/wp\/v2\/users\/1"}],"replies":[{"embeddable":true,"href":"https:\/\/keilaak.ee\/en\/wp-json\/wp\/v2\/comments?post=154"}],"version-history":[{"count":23,"href":"https:\/\/keilaak.ee\/en\/wp-json\/wp\/v2\/pages\/154\/revisions"}],"predecessor-version":[{"id":2889,"href":"https:\/\/keilaak.ee\/en\/wp-json\/wp\/v2\/pages\/154\/revisions\/2889"}],"wp:attachment":[{"href":"https:\/\/keilaak.ee\/en\/wp-json\/wp\/v2\/media?parent=154"}],"curies":[{"name":"wp","href":"https:\/\/api.w.org\/{rel}","templated":true}]}}